{"id":1157,"date":"2023-05-08T00:06:16","date_gmt":"2023-05-07T21:06:16","guid":{"rendered":"https:\/\/astronotlar.net\/?page_id=1157"},"modified":"2023-05-08T15:44:19","modified_gmt":"2023-05-08T12:44:19","slug":"hakkimda","status":"publish","type":"page","link":"https:\/\/astronotlar.net\/en\/hakkimda\/","title":{"rendered":"Hakk\u0131mda"},"content":{"rendered":"\n<div class=\"wp-block-media-text alignwide has-media-on-the-right is-stacked-on-mobile\"><figure class=\"wp-block-media-text__media\"><img loading=\"lazy\" decoding=\"async\" width=\"576\" height=\"1024\" src=\"https:\/\/astronotlar.net\/wp-content\/uploads\/2023\/05\/20230504_180604-576x1024.jpg\" alt=\"\" class=\"wp-image-1200 size-full\" srcset=\"https:\/\/astronotlar.net\/wp-content\/uploads\/2023\/05\/20230504_180604-576x1024.jpg 576w, https:\/\/astronotlar.net\/wp-content\/uploads\/2023\/05\/20230504_180604-169x300.jpg 169w, https:\/\/astronotlar.net\/wp-content\/uploads\/2023\/05\/20230504_180604-768x1365.jpg 768w, https:\/\/astronotlar.net\/wp-content\/uploads\/2023\/05\/20230504_180604-864x1536.jpg 864w, https:\/\/astronotlar.net\/wp-content\/uploads\/2023\/05\/20230504_180604-1152x2048.jpg 1152w, https:\/\/astronotlar.net\/wp-content\/uploads\/2023\/05\/20230504_180604-108x192.jpg 108w, https:\/\/astronotlar.net\/wp-content\/uploads\/2023\/05\/20230504_180604-scaled.jpg 1440w\" sizes=\"auto, (max-width: 576px) 100vw, 576px\" \/><\/figure><div class=\"wp-block-media-text__content\">\n<p class=\"has-large-font-size\">Sevil Okumu\u015f<\/p>\n\n\n\n<p><em>Profesyonel Astrolog<br>ICF Mindfulness Ko\u00e7u<\/em><br><em>Dan\u0131\u015fman\/ E\u011fitmen\/Yazar<\/em><\/p>\n<\/div><\/div>\n\n\n\n<p>\u0130nsan mucizedir.&nbsp; <br>Varl\u0131\u011f\u0131m\u0131n her zerresiyle buna inan\u0131yorum.&nbsp; \u0130\u015fitti\u011fim her s\u00f6z\u00fc kalbime kaz\u0131nan bir ulunun, \u015eems Hz\u2019nin \u015fu s\u00f6z\u00fc benim astroloji yakla\u015f\u0131m\u0131m\u0131n da tam kalbinde yer al\u0131yor:<br><br>\u201c<em>Allah, i\u00e7imizde ve d\u0131\u015f\u0131m\u0131zda her an, hepimizi tamama erdirmekle me\u015fguld\u00fcr. Ya\u015fad\u0131\u011f\u0131m\u0131z her hadise, atlatt\u0131\u011f\u0131m\u0131z her badire eksiklerimizi gidermemiz i\u00e7in tasarlanm\u0131\u015ft\u0131r. Her insan, yava\u015f ama a\u00e7\u0131klanamayan bir \u015fekilde m\u00fckemmelli\u011fe do\u011fru ilerleyen, bitmemi\u015f bir \u00e7al\u0131\u015fmad\u0131r. Her birimiz tamamlanmay\u0131 bekleyen ve tamamlanmaya \u00e7al\u0131\u015fan, halen \u00fczerinde \u00e7al\u0131\u015f\u0131lan birer sanat eseriyiz. Rab, noksanlar\u0131m\u0131zla ayr\u0131 ayr\u0131, tek tek u\u011fra\u015f\u0131r \u00e7\u00fcnk\u00fc insanl\u0131k, her bir noktan\u0131n, eserin b\u00fct\u00fcn\u00fc i\u00e7in e\u015fit derecede \u00f6nemli oldu\u011fu bir hat sanat\u0131d\u0131r. <\/em>&#8220;<br><br>\u0130nsan\u0131n kendisini bilebilmesi i\u00e7in, \u00f6nce lay\u0131k\u0131yla anlayabilmesi gerekir. \u0130drak artt\u0131k\u00e7a, kabul ve sevgi de artar. Her insan\u0131n kendisini, e\u015fsiz varl\u0131\u011f\u0131n\u0131 ve hayat\u0131n\u0131, kabule giden yolculu\u011fu kendisine \u00f6zeldir. Ben ki\u015filerin kendilerini, ili\u015fkilerini, \u00e7ocuklar\u0131n\u0131, ya\u015famlar\u0131n\u0131, hem hayat olaylar\u0131 \u00fczerinden hem de zihin, duygu, ruh birli\u011fi temelinde daha derinden anlayarak, ya\u015famaya geldikleri en y\u00fcksek ifadelerini bulmalar\u0131n\u0131, kendi kitaplar\u0131n\u0131 okumalar\u0131n\u0131 kolayla\u015ft\u0131ran bir e\u015flik\u00e7iyim. Astrolojik olarak bat\u0131 astrolojisi, klasik astroloji, psikolojik astroloji, evrimsel astroloji, islam astrolojisi prensiplerini ve tekniklerini kullanarak, kendi olu\u015fturdu\u011fum tarzda sentez bir yorum sunuyorum. Ba\u015fta Hakan K\u0131rko\u011flu olmak \u00fczere, T\u00fcrkiye\u2019de ve yurt d\u0131\u015f\u0131nda pek \u00e7ok e\u011fitimler ald\u0131m, halen almaya devam ediyorum. \u00c7o\u011funlukla insanlar bana hayat konular\u0131n\u0131, kariyer konular\u0131n\u0131, a\u015fk ve ili\u015fki konular\u0131n\u0131 ve \u00e7ocuklar\u0131n\u0131 ve onlarla olan ili\u015fkilerini daha iyi anlamak i\u00e7in ve bazen de \u00f6nemli hayat kararlar\u0131n\u0131n arifelerinde ula\u015f\u0131rlar.&nbsp;<br><br>Gelecekte olacak baz\u0131 olaylar ya da iz b\u0131rakacak ge\u00e7i\u015fler muhakkak \u00f6nemlidir ancak ben bir astrolog olarak bunlardan daha \u00e7ok, ki\u015finin i\u00e7 bar\u0131\u015f\u0131n\u0131 ve dengesini zaman\u0131n o noktas\u0131nda nas\u0131l temin edebilece\u011fine odaklan\u0131yorum.Ba\u015f\u0131m\u0131za gelen hadiselerin de dili ve bize i\u015faret ettikleri vard\u0131r ve astroloji bunlar\u0131 ve dolay\u0131s\u0131yla kendimizi anlayabilmemizi kolayla\u015ft\u0131r\u0131r. Olaylar\u0131n kendilerinden daha da \u00f6nemli olan, onlar\u0131 nas\u0131l kar\u015f\u0131lad\u0131\u011f\u0131m\u0131z, bunun i\u00e7in nas\u0131l bir i\u00e7sel donan\u0131m geli\u015ftirebildi\u011fimizdir.&nbsp; ICF onayl\u0131 bir mindfulness ko\u00e7u olarak, travma duyarl\u0131 bir astroloji prati\u011fi y\u00fcr\u00fct\u00fcyorum. <br><br>A\u00e7\u0131k, nazik, yarg\u0131s\u0131z ve arkada\u015f\u00e7a bir tutumla ve bilin\u00e7li bir fark\u0131ndal\u0131kla ya\u015famak g\u00fcnl\u00fck olarak hayat\u0131mda besledi\u011fim ve prati\u011fime de yans\u0131tt\u0131\u011f\u0131m bir nitelik. \u00d6nemli g\u00fcn ve tarih se\u00e7imi, soru astrolojisi, d\u00fcnya astrolojisi ve olay tahminleri astrolojinin ilgilenmeyi se\u00e7medi\u011fim alanlar\u0131. Ben ki\u015filerin, tam olarak kendileri olmalar\u0131n\u0131n \u00f6n\u00fcndeki t\u00fcm engelleri ad\u0131m ad\u0131m kald\u0131rmalar\u0131n\u0131 destekleyen, kendi varl\u0131klar\u0131n\u0131n sonsuzlu\u011fuyla onlar\u0131 tan\u0131\u015ft\u0131ran bir astroloji prati\u011fi sunuyorum. Bu seanslar e\u015fli\u011finde, ad\u0131m ad\u0131m korkular\u0131n\u0131 yenen, atamad\u0131klar\u0131 ad\u0131mlar\u0131 atan, hep erteledikleri \u00f6nemli kararlar\u0131 alan, kendileri i\u00e7in hedefler koyabilen veya hedeflerini ger\u00e7ekle\u015ftirebilen, \u00e7ocuklar\u0131yla ili\u015fkilerini g\u00fc\u00e7lendiren \u00e7ok say\u0131da dan\u0131\u015fan\u0131m oldu. Eksikliklerimiz ve geli\u015ftirilmeye ihtiya\u00e7 duyan y\u00f6nlerimiz, mindfulness\u2019\u0131n bilin\u00e7li fark\u0131ndal\u0131\u011f\u0131yla g\u00f6r\u00fcld\u00fc\u011f\u00fcnde, bu kabul\u00fcn nas\u0131l sevgi dolu, g\u00fc\u00e7l\u00fc, keyifli bir varolu\u015fa d\u00f6n\u00fc\u015febildi\u011fine defalarca tan\u0131k oldum. Belki de bu nedenle \u00e7o\u011fu dan\u0131\u015fan\u0131m, her yeni senelerinde, kendi geli\u015fimlerinde zaman\u0131n o noktas\u0131ndaki yorumlar\u0131m\u0131 duymak i\u00e7in yeniden geliyorlar ve bir \u00e7o\u011fu ile g\u00f6n\u00fcl ba\u011flar\u0131m\u0131z var. Hayatlar\u0131ndaki geli\u015fimlere tan\u0131k olmaktan \u00f6t\u00fcr\u00fc kendimi \u00e7ok ayr\u0131cal\u0131kl\u0131 hissediyorum.<br><br>Nas\u0131l ba\u015flad\u0131\u011f\u0131m\u0131 sorarlar bana hep, bu bir mana denizi..Ben kendimi bu denizde buldum ve deniz nedir bilmezken, y\u00fczmeyi hatta dalmay\u0131 bildi\u011fimi hayretle ke\u015ffettim. Bu sonsuz denizin derinliklerinde yeni manalar\u0131n kap\u0131s\u0131n\u0131 \u00e7almak, bilmedi\u011fim k\u0131y\u0131lar\u0131 ke\u015ffetmek ve bu yolculuk boyu bir insan olarak geli\u015fmek benim en b\u00fcy\u00fck zevkim. 1000\u2019den fazla dan\u0131\u015fanla yapt\u0131\u011f\u0131m seanslar da, zaman i\u00e7erisinde farkl\u0131la\u015f\u0131yor, d\u00f6nemlerinin izlerini ta\u015f\u0131yor. &nbsp;G\u00f6ksel g\u00fcndemleri &#8220;Astroloji ve Mindfulness&#8221; <a href=\"https:\/\/open.spotify.com\/show\/7K5FMkFDcT7gbsgDaox3BI\" target=\"_blank\" rel=\"noreferrer noopener\">podcastimde <\/a>payla\u015f\u0131yor, blogumda ve <a href=\"https:\/\/www.instagram.com\/astronotlar\/\" target=\"_blank\" rel=\"noreferrer noopener\">instagramda<\/a> yaz\u0131lar yaz\u0131yor ve bireysel astroloji, \u00e7ocuk ve gen\u00e7 dan\u0131\u015fmanl\u0131\u011f\u0131 ve mindfulness ko\u00e7luk seanslar\u0131 sunuyorum. Deneysel programlar yaratmak, grup \u00e7al\u0131\u015fmalar\u0131 tasarlamak, kitaplar yazmak ve keyifle b\u00fcy\u00fcyerek geli\u015fmek yak\u0131n gelecekteki hedeflerim aras\u0131nda.<br><br>E\u011fer benimle bir seans deneyimlemek isterseniz, randevu olu\u015fturmak i\u00e7in bana sosyal hesaplar\u0131mdan veya sitede yer alan <a href=\"https:\/\/astronotlar.net\/bana-ulasin\/\">ileti\u015fim formu <\/a>\u00fczerinden ula\u015fabilirsiniz.&nbsp;<\/p>\n\n\n\n<p><strong>Sevil Okumu\u015f<\/strong><\/p>\n","protected":false},"excerpt":{"rendered":"<p>Sevil Okumu\u015f Profesyonel AstrologICF Mindfulness Ko\u00e7uDan\u0131\u015fman\/ E\u011fitmen\/Yazar \u0130nsan mucizedir.&nbsp; Varl\u0131\u011f\u0131m\u0131n her zerresiyle buna inan\u0131yorum.&nbsp; \u0130\u015fitti\u011fim her s\u00f6z\u00fc kalbime kaz\u0131nan bir ulunun, \u015eems Hz\u2019nin \u015fu s\u00f6z\u00fc benim astroloji yakla\u015f\u0131m\u0131m\u0131n da tam kalbinde yer al\u0131yor: \u201cAllah, i\u00e7imizde ve d\u0131\u015f\u0131m\u0131zda her an, hepimizi tamama erdirmekle me\u015fguld\u00fcr. Ya\u015fad\u0131\u011f\u0131m\u0131z her hadise, atlatt\u0131\u011f\u0131m\u0131z her badire eksiklerimizi gidermemiz i\u00e7in tasarlanm\u0131\u015ft\u0131r. Her insan, [&hellip;]<\/p>\n","protected":false},"author":2,"featured_media":0,"parent":0,"menu_order":0,"comment_status":"closed","ping_status":"closed","template":"","meta":{"_monsterinsights_skip_tracking":false,"_monsterinsights_sitenote_active":false,"_monsterinsights_sitenote_note":"","_monsterinsights_sitenote_category":0,"episode_type":"","audio_file":"","podmotor_file_id":"","podmotor_episode_id":"","cover_image":"","cover_image_id":"","duration":"","filesize":"","filesize_raw":"","date_recorded":"","explicit":"","block":"","itunes_episode_number":"","itunes_title":"","itunes_season_number":"","itunes_episode_type":"","footnotes":""},"class_list":["post-1157","page","type-page","status-publish","hentry"],"translation":{"provider":"WPGlobus","version":"3.0.2","language":"en","enabled_languages":["tr","en"],"languages":{"tr":{"title":true,"content":true,"excerpt":false},"en":{"title":false,"content":false,"excerpt":false}}},"jetpack_sharing_enabled":true,"_links":{"self":[{"href":"https:\/\/astronotlar.net\/en\/wp-json\/wp\/v2\/pages\/1157","targetHints":{"allow":["GET"]}}],"collection":[{"href":"https:\/\/astronotlar.net\/en\/wp-json\/wp\/v2\/pages"}],"about":[{"href":"https:\/\/astronotlar.net\/en\/wp-json\/wp\/v2\/types\/page"}],"author":[{"embeddable":true,"href":"https:\/\/astronotlar.net\/en\/wp-json\/wp\/v2\/users\/2"}],"replies":[{"embeddable":true,"href":"https:\/\/astronotlar.net\/en\/wp-json\/wp\/v2\/comments?post=1157"}],"version-history":[{"count":32,"href":"https:\/\/astronotlar.net\/en\/wp-json\/wp\/v2\/pages\/1157\/revisions"}],"predecessor-version":[{"id":1223,"href":"https:\/\/astronotlar.net\/en\/wp-json\/wp\/v2\/pages\/1157\/revisions\/1223"}],"wp:attachment":[{"href":"https:\/\/astronotlar.net\/en\/wp-json\/wp\/v2\/media?parent=1157"}],"curies":[{"name":"wp","href":"https:\/\/api.w.org\/{rel}","templated":true}]}}